{"id":283,"date":"2018-06-29T14:09:27","date_gmt":"2018-06-29T14:09:27","guid":{"rendered":"https:\/\/goldenstone.al\/?page_id=283"},"modified":"2024-12-13T00:56:55","modified_gmt":"2024-12-12T22:56:55","slug":"komoditetet","status":"publish","type":"page","link":"https:\/\/goldenstone.al\/ar\/komoditetet\/","title":{"rendered":"Komoditetet"},"content":{"rendered":"<div data-elementor-type=\"wp-post\" data-elementor-id=\"283\" class=\"elementor elementor-283\" data-elementor-post-type=\"page\">\n\t\t\t\t\t\t<section class=\"elementor-section elementor-top-section elementor-element elementor-element-2d502b7 elementor-section-stretched elementor-section-boxed elementor-section-height-default elementor-section-height-default\" data-id=\"2d502b7\" data-element_type=\"section\" data-settings=\"{&quot;stretch_section&quot;:&quot;section-stretched&quot;,&quot;background_background&quot;:&quot;classic&quot;}\">\n\t\t\t\t\t\t<div class=\"elementor-container elementor-column-gap-extended\">\n\t\t\t\t\t<div class=\"elementor-column elementor-col-100 elementor-top-column elementor-element elementor-element-bc6a239 sc_inner_width_none sc_layouts_column_icons_position_left\" data-id=\"bc6a239\" data-element_type=\"column\">\n\t\t\t<div class=\"elementor-widget-wrap elementor-element-populated\">\n\t\t\t\t\t\t<div class=\"elementor-element elementor-element-e397f7d sc_height_large sc_layouts_hide_on_mobile sc_fly_static elementor-widget elementor-widget-spacer\" data-id=\"e397f7d\" data-element_type=\"widget\" data-widget_type=\"spacer.default\">\n\t\t\t\t<div class=\"elementor-widget-container\">\n\t\t\t\t\t<div class=\"elementor-spacer\">\n\t\t\t<div class=\"elementor-spacer-inner\"><\/div>\n\t\t<\/div>\n\t\t\t\t<\/div>\n\t\t\t\t<\/div>\n\t\t\t\t<div class=\"elementor-element elementor-element-aa41c53 sc_height_medium sc_layouts_hide_on_desktop sc_layouts_hide_on_notebook sc_layouts_hide_on_tablet sc_fly_static elementor-widget elementor-widget-spacer\" data-id=\"aa41c53\" data-element_type=\"widget\" data-widget_type=\"spacer.default\">\n\t\t\t\t<div class=\"elementor-widget-container\">\n\t\t\t\t\t<div class=\"elementor-spacer\">\n\t\t\t<div class=\"elementor-spacer-inner\"><\/div>\n\t\t<\/div>\n\t\t\t\t<\/div>\n\t\t\t\t<\/div>\n\t\t\t\t<div class=\"elementor-element elementor-element-1203251 sc_fly_static elementor-widget elementor-widget-trx_sc_title\" data-id=\"1203251\" data-element_type=\"widget\" data-widget_type=\"trx_sc_title.default\">\n\t\t\t\t<div class=\"elementor-widget-container\">\n\t\t\t<div id=\"trx_sc_title_1844211691\"\n\t\tclass=\"sc_title sc_title_default\"><span class=\"sc_item_subtitle sc_title_subtitle sc_align_center sc_item_subtitle_above sc_item_title_style_default\">\u00e7far\u00eb ofrojm\u00eb<\/span><h2 class=\"sc_item_title sc_title_title sc_align_center sc_item_title_style_default\"><span class=\"sc_item_title_text\">Ve\u00e7ori dhe Leht\u00ebsira <\/span><\/h2><div class=\"sc_item_descr sc_title_descr sc_align_center\"><p>Rezidenca jon\u00eb ofron nj\u00eb gam\u00eb t\u00eb gjer\u00eb leht\u00ebsirash p\u00ebr t\u00eb siguruar komoditetin dhe k\u00ebnaq\u00ebsin\u00eb tuaj gjat\u00eb q\u00ebndrimit.<\/p>\n<\/div><\/div><!-- \/.sc_title -->\t\t<\/div>\n\t\t\t\t<\/div>\n\t\t\t\t<div class=\"elementor-element elementor-element-beeb280 sc_height_large sc_fly_static elementor-widget elementor-widget-spacer\" data-id=\"beeb280\" data-element_type=\"widget\" data-widget_type=\"spacer.default\">\n\t\t\t\t<div class=\"elementor-widget-container\">\n\t\t\t\t\t<div class=\"elementor-spacer\">\n\t\t\t<div class=\"elementor-spacer-inner\"><\/div>\n\t\t<\/div>\n\t\t\t\t<\/div>\n\t\t\t\t<\/div>\n\t\t\t\t<div class=\"elementor-element elementor-element-19abc20 sc_fly_static elementor-widget elementor-widget-trx_sc_promo\" data-id=\"19abc20\" data-element_type=\"widget\" data-widget_type=\"trx_sc_promo.default\">\n\t\t\t\t<div class=\"elementor-widget-container\">\n\t\t\t<div  id=\"trx_sc_promo_253500405\" \n\tclass=\"sc_promo sc_promo_default sc_promo_size_large sc_promo_image_position_left\"><div class=\"sc_promo_image\" style=\"background-image:url(\/\/goldenstone.al\/wp-content\/uploads\/2024\/05\/116.jpg);width:50%;left: 0;\"><\/div><!-- \/.sc_promo_image --><div class=\"sc_promo_text sc_float_center\" style=\"width: 50%;float: right;\">\n\t\t\t<div class=\"sc_promo_text_inner sc_align_center trx_addons_inline_1661845144\"><div class=\"sc_promo_icon\" data-icon=\"icon-024_location\"><span class=\"icon-024_location\"><\/span><\/div><h2 class=\"sc_item_title sc_promo_title sc_align_center sc_item_title_style_default\"><span class=\"sc_item_title_text\">70 nga Bregu i Detit<\/span><\/h2><div class=\"sc_item_descr sc_promo_descr sc_align_center\"><p>Rezidenca ndodhet vet\u00ebm 70 metra larg bregut t\u00eb detit, duke ju ofruar akses t\u00eb shpejt\u00eb dhe t\u00eb leht\u00eb n\u00eb plazhin mahnit\u00ebs t\u00eb Potamit - Himar\u00ebs.<\/p>\n<\/div><\/div>\n\t\t<\/div><!-- \/.sc_promo_text --><\/div><!-- \/.sc_promo -->\t\t<\/div>\n\t\t\t\t<\/div>\n\t\t\t\t<div class=\"elementor-element elementor-element-ece9788 sc_height_small sc_fly_static elementor-widget elementor-widget-spacer\" data-id=\"ece9788\" data-element_type=\"widget\" data-widget_type=\"spacer.default\">\n\t\t\t\t<div class=\"elementor-widget-container\">\n\t\t\t\t\t<div class=\"elementor-spacer\">\n\t\t\t<div class=\"elementor-spacer-inner\"><\/div>\n\t\t<\/div>\n\t\t\t\t<\/div>\n\t\t\t\t<\/div>\n\t\t\t\t<div class=\"elementor-element elementor-element-59639df sc_fly_static elementor-widget elementor-widget-trx_sc_promo\" data-id=\"59639df\" data-element_type=\"widget\" data-widget_type=\"trx_sc_promo.default\">\n\t\t\t\t<div class=\"elementor-widget-container\">\n\t\t\t<div  id=\"trx_sc_promo_424801396\" \n\tclass=\"sc_promo sc_promo_default sc_promo_size_large sc_promo_image_position_right\"><div class=\"sc_promo_image\" style=\"background-image:url(\/\/goldenstone.al\/wp-content\/uploads\/2018\/07\/golden-stone-ndertim-modern.jpg);width:50%;right: 0;\"><\/div><!-- \/.sc_promo_image --><div class=\"sc_promo_text sc_float_center\" style=\"width: 50%;float: left;\">\n\t\t\t<div class=\"sc_promo_text_inner sc_align_center trx_addons_inline_125317052\"><div class=\"sc_promo_icon\" data-icon=\"icon-007_smart-home\"><span class=\"icon-007_smart-home\"><\/span><\/div><h2 class=\"sc_item_title sc_promo_title sc_align_center sc_item_title_style_default\"><span class=\"sc_item_title_text\">Nd\u00ebrtim Modern<\/span><\/h2><div class=\"sc_item_descr sc_promo_descr sc_align_center\"><p>Apartamentet tona ofrojn\u00eb nj\u00eb stil t\u00eb sofistikuar dhe t\u00eb p\u00ebrdit\u00ebsuar, me materiale t\u00eb cil\u00ebsis\u00eb s\u00eb lart\u00eb. \u00c7do detaj \u00ebsht\u00eb menduar p\u00ebr t\u00eb ofruar komoditet dhe eleganc\u00eb.<\/p>\n<\/div><\/div>\n\t\t<\/div><!-- \/.sc_promo_text --><\/div><!-- \/.sc_promo -->\t\t<\/div>\n\t\t\t\t<\/div>\n\t\t\t\t<div class=\"elementor-element elementor-element-be1b52a sc_height_small sc_fly_static elementor-widget elementor-widget-spacer\" data-id=\"be1b52a\" data-element_type=\"widget\" data-widget_type=\"spacer.default\">\n\t\t\t\t<div class=\"elementor-widget-container\">\n\t\t\t\t\t<div class=\"elementor-spacer\">\n\t\t\t<div class=\"elementor-spacer-inner\"><\/div>\n\t\t<\/div>\n\t\t\t\t<\/div>\n\t\t\t\t<\/div>\n\t\t\t\t<div class=\"elementor-element elementor-element-ec96848 sc_fly_static elementor-widget elementor-widget-trx_sc_promo\" data-id=\"ec96848\" data-element_type=\"widget\" data-widget_type=\"trx_sc_promo.default\">\n\t\t\t\t<div class=\"elementor-widget-container\">\n\t\t\t<div  id=\"trx_sc_promo_1692868216\" \n\tclass=\"sc_promo sc_promo_default sc_promo_size_large sc_promo_image_position_left\"><div class=\"sc_promo_image\" style=\"background-image:url(\/\/goldenstone.al\/wp-content\/uploads\/2018\/07\/golden-stone-pishina.jpg);width:50%;left: 0;\"><\/div><!-- \/.sc_promo_image --><div class=\"sc_promo_text sc_float_center\" style=\"width: 50%;float: right;\">\n\t\t\t<div class=\"sc_promo_text_inner sc_align_center trx_addons_inline_373540696\"><div class=\"sc_promo_icon\" data-icon=\"icon-008_pool\"><span class=\"icon-008_pool\"><\/span><\/div><h2 class=\"sc_item_title sc_promo_title sc_align_center sc_item_title_style_default\"><span class=\"sc_item_title_text\">Pishina<\/span><\/h2><div class=\"sc_item_descr sc_promo_descr sc_align_center\"><p>Relaksohuni dhe freskohuni n\u00eb pishinat moderne dhe t\u00eb pastra q\u00eb jan\u00eb integruar n\u00eb ambientet e jashtme t\u00eb rezidenc\u00ebs. Pishina \u00ebsht\u00eb e p\u00ebrsosur p\u00ebr pushime familjare dhe \u00e7lodhje pas nj\u00eb dite t\u00eb gjat\u00eb.<\/p>\n<\/div><\/div>\n\t\t<\/div><!-- \/.sc_promo_text --><\/div><!-- \/.sc_promo -->\t\t<\/div>\n\t\t\t\t<\/div>\n\t\t\t\t<div class=\"elementor-element elementor-element-b243908 sc_height_small sc_fly_static elementor-widget elementor-widget-spacer\" data-id=\"b243908\" data-element_type=\"widget\" data-widget_type=\"spacer.default\">\n\t\t\t\t<div class=\"elementor-widget-container\">\n\t\t\t\t\t<div class=\"elementor-spacer\">\n\t\t\t<div class=\"elementor-spacer-inner\"><\/div>\n\t\t<\/div>\n\t\t\t\t<\/div>\n\t\t\t\t<\/div>\n\t\t\t\t<div class=\"elementor-element elementor-element-681cc3e sc_fly_static elementor-widget elementor-widget-trx_sc_promo\" data-id=\"681cc3e\" data-element_type=\"widget\" data-widget_type=\"trx_sc_promo.default\">\n\t\t\t\t<div class=\"elementor-widget-container\">\n\t\t\t<div  id=\"trx_sc_promo_1214022261\" \n\tclass=\"sc_promo sc_promo_default sc_promo_size_large sc_promo_image_position_right\"><div class=\"sc_promo_image\" style=\"background-image:url(\/\/goldenstone.al\/wp-content\/uploads\/2018\/07\/golden-stone-parking.jpg);width:50%;right: 0;\"><\/div><!-- \/.sc_promo_image --><div class=\"sc_promo_text sc_float_center\" style=\"width: 50%;float: left;\">\n\t\t\t<div class=\"sc_promo_text_inner sc_align_center trx_addons_inline_533526020\"><div class=\"sc_promo_icon\" data-icon=\"icon-009_parking\"><span class=\"icon-009_parking\"><\/span><\/div><h2 class=\"sc_item_title sc_promo_title sc_align_center sc_item_title_style_default\"><span class=\"sc_item_title_text\">Parking<\/span><\/h2><div class=\"sc_item_descr sc_promo_descr sc_align_center\"><p>Kompleksi yn\u00eb ofron parkim t\u00eb sigurt dhe t\u00eb p\u00ebrshtatsh\u00ebm p\u00ebr t\u00eb gjith\u00eb banor\u00ebt. Nuk keni nevoj\u00eb t\u00eb shqet\u00ebsoheni p\u00ebr gjetjen e nj\u00eb vendparkimi.<\/p>\n<\/div><\/div>\n\t\t<\/div><!-- \/.sc_promo_text --><\/div><!-- \/.sc_promo -->\t\t<\/div>\n\t\t\t\t<\/div>\n\t\t\t\t<div class=\"elementor-element elementor-element-822f6c7 sc_height_small sc_fly_static elementor-widget elementor-widget-spacer\" data-id=\"822f6c7\" data-element_type=\"widget\" data-widget_type=\"spacer.default\">\n\t\t\t\t<div class=\"elementor-widget-container\">\n\t\t\t\t\t<div class=\"elementor-spacer\">\n\t\t\t<div class=\"elementor-spacer-inner\"><\/div>\n\t\t<\/div>\n\t\t\t\t<\/div>\n\t\t\t\t<\/div>\n\t\t\t\t<div class=\"elementor-element elementor-element-026d779 sc_fly_static elementor-widget elementor-widget-trx_sc_promo\" data-id=\"026d779\" data-element_type=\"widget\" data-widget_type=\"trx_sc_promo.default\">\n\t\t\t\t<div class=\"elementor-widget-container\">\n\t\t\t<div  id=\"trx_sc_promo_178422499\" \n\tclass=\"sc_promo sc_promo_default sc_promo_size_large sc_promo_image_position_left\"><div class=\"sc_promo_image\" style=\"background-image:url(\/\/goldenstone.al\/wp-content\/uploads\/2018\/07\/golden-stone-hapesire-private.jpg);width:50%;left: 0;\"><\/div><!-- \/.sc_promo_image --><div class=\"sc_promo_text sc_float_center\" style=\"width: 50%;float: right;\">\n\t\t\t<div class=\"sc_promo_text_inner sc_align_center trx_addons_inline_1150295683\"><div class=\"sc_promo_icon\" data-icon=\"icon-010_private\"><span class=\"icon-010_private\"><\/span><\/div><h2 class=\"sc_item_title sc_promo_title sc_align_center sc_item_title_style_default\"><span class=\"sc_item_title_text\">Hap\u00ebsir\u00eb Private<\/span><\/h2><div class=\"sc_item_descr sc_promo_descr sc_align_center\"><p>Shijoni qet\u00ebsin\u00eb dhe intimitetin n\u00eb hap\u00ebsirat tona private. Secili apartament \u00ebsht\u00eb projektuar p\u00ebr t\u00eb ofruar rehati dhe privat\u00ebsi maksimale.<\/p>\n<\/div><\/div>\n\t\t<\/div><!-- \/.sc_promo_text --><\/div><!-- \/.sc_promo -->\t\t<\/div>\n\t\t\t\t<\/div>\n\t\t\t\t<div class=\"elementor-element elementor-element-7f3c877 sc_height_small sc_fly_static elementor-widget elementor-widget-spacer\" data-id=\"7f3c877\" data-element_type=\"widget\" data-widget_type=\"spacer.default\">\n\t\t\t\t<div class=\"elementor-widget-container\">\n\t\t\t\t\t<div class=\"elementor-spacer\">\n\t\t\t<div class=\"elementor-spacer-inner\"><\/div>\n\t\t<\/div>\n\t\t\t\t<\/div>\n\t\t\t\t<\/div>\n\t\t\t\t<div class=\"elementor-element elementor-element-c478323 sc_fly_static elementor-widget elementor-widget-trx_sc_promo\" data-id=\"c478323\" data-element_type=\"widget\" data-widget_type=\"trx_sc_promo.default\">\n\t\t\t\t<div class=\"elementor-widget-container\">\n\t\t\t<div  id=\"trx_sc_promo_788022386\" \n\tclass=\"sc_promo sc_promo_default sc_promo_size_large sc_promo_image_position_right\"><div class=\"sc_promo_image\" style=\"background-image:url(\/\/goldenstone.al\/wp-content\/uploads\/2018\/07\/golden-stone-residence-siguri-24-ore.jpg);width:50%;right: 0;\"><\/div><!-- \/.sc_promo_image --><div class=\"sc_promo_text sc_float_center\" style=\"width: 50%;float: left;\">\n\t\t\t<div class=\"sc_promo_text_inner sc_align_center trx_addons_inline_916482000\"><div class=\"sc_promo_icon\" data-icon=\"icon-021_internet\"><span class=\"icon-021_internet\"><\/span><\/div><h2 class=\"sc_item_title sc_promo_title sc_align_center sc_item_title_style_default\"><span class=\"sc_item_title_text\">Siguri & Mbikqyrje 24\/7<\/span><\/h2><div class=\"sc_item_descr sc_promo_descr sc_align_center\"><p>Rezidenca jon\u00eb garanton sigurin\u00eb tuaj me sistem survejimi 24 or\u00eb. Qet\u00ebsia juaj \u00ebsht\u00eb prioriteti yn\u00eb kryesor.<\/p>\n<\/div><\/div>\n\t\t<\/div><!-- \/.sc_promo_text --><\/div><!-- \/.sc_promo -->\t\t<\/div>\n\t\t\t\t<\/div>\n\t\t\t\t<div class=\"elementor-element elementor-element-b05bcff sc_height_small sc_fly_static elementor-widget elementor-widget-spacer\" data-id=\"b05bcff\" data-element_type=\"widget\" data-widget_type=\"spacer.default\">\n\t\t\t\t<div class=\"elementor-widget-container\">\n\t\t\t\t\t<div class=\"elementor-spacer\">\n\t\t\t<div class=\"elementor-spacer-inner\"><\/div>\n\t\t<\/div>\n\t\t\t\t<\/div>\n\t\t\t\t<\/div>\n\t\t\t\t<div class=\"elementor-element elementor-element-85672b3 sc_height_large sc_layouts_hide_on_mobile sc_fly_static elementor-widget elementor-widget-spacer\" data-id=\"85672b3\" data-element_type=\"widget\" data-widget_type=\"spacer.default\">\n\t\t\t\t<div class=\"elementor-widget-container\">\n\t\t\t\t\t<div class=\"elementor-spacer\">\n\t\t\t<div class=\"elementor-spacer-inner\"><\/div>\n\t\t<\/div>\n\t\t\t\t<\/div>\n\t\t\t\t<\/div>\n\t\t\t\t<div class=\"elementor-element elementor-element-ae50299 sc_height_medium sc_layouts_hide_on_desktop sc_layouts_hide_on_notebook sc_layouts_hide_on_tablet sc_fly_static elementor-widget elementor-widget-spacer\" data-id=\"ae50299\" data-element_type=\"widget\" data-widget_type=\"spacer.default\">\n\t\t\t\t<div class=\"elementor-widget-container\">\n\t\t\t\t\t<div class=\"elementor-spacer\">\n\t\t\t<div class=\"elementor-spacer-inner\"><\/div>\n\t\t<\/div>\n\t\t\t\t<\/div>\n\t\t\t\t<\/div>\n\t\t\t\t\t<\/div>\n\t\t<\/div>\n\t\t\t\t\t<\/div>\n\t\t<\/section>\n\t\t\t\t<\/div>","protected":false},"excerpt":{"rendered":"<p>&hellip;<\/p>","protected":false},"author":1,"featured_media":0,"parent":0,"menu_order":0,"comment_status":"closed","ping_status":"closed","template":"","meta":{"_joinchat":[],"footnotes":""},"class_list":["post-283","page","type-page","status-publish","hentry"],"_links":{"self":[{"href":"https:\/\/goldenstone.al\/ar\/wp-json\/wp\/v2\/pages\/283","targetHints":{"allow":["GET"]}}],"collection":[{"href":"https:\/\/goldenstone.al\/ar\/wp-json\/wp\/v2\/pages"}],"about":[{"href":"https:\/\/goldenstone.al\/ar\/wp-json\/wp\/v2\/types\/page"}],"author":[{"embeddable":true,"href":"https:\/\/goldenstone.al\/ar\/wp-json\/wp\/v2\/users\/1"}],"replies":[{"embeddable":true,"href":"https:\/\/goldenstone.al\/ar\/wp-json\/wp\/v2\/comments?post=283"}],"version-history":[{"count":0,"href":"https:\/\/goldenstone.al\/ar\/wp-json\/wp\/v2\/pages\/283\/revisions"}],"wp:attachment":[{"href":"https:\/\/goldenstone.al\/ar\/wp-json\/wp\/v2\/media?parent=283"}],"curies":[{"name":"wp","href":"https:\/\/api.w.org\/{rel}","templated":true}]}}